{"id":1916,"date":"2020-12-27T03:04:36","date_gmt":"2020-12-27T06:04:36","guid":{"rendered":"https:\/\/jrstecnologia.digital\/index.php\/privacy-policy-copy\/"},"modified":"2020-12-27T03:48:23","modified_gmt":"2020-12-27T06:48:23","slug":"terms-condit","status":"publish","type":"page","link":"https:\/\/jrstecnologia.digital\/index.php\/terms-condit\/","title":{"rendered":"Termos de uso"},"content":{"rendered":"\t\t<div data-elementor-type=\"wp-page\" data-elementor-id=\"1916\" class=\"elementor elementor-1916\" data-elementor-settings=\"[]\">\n\t\t\t\t\t\t<div class=\"elementor-inner\">\n\t\t\t\t\t\t\t<div class=\"elementor-section-wrap\">\n\t\t\t\t\t\t\t<section class=\"elementor-section elementor-top-section elementor-element elementor-element-50f89c68 elementor-section-boxed elementor-section-height-default elementor-section-height-default\" data-id=\"50f89c68\" data-element_type=\"section\">\n\t\t\t\t\t\t<div class=\"elementor-container elementor-column-gap-default\">\n\t\t\t\t\t\t\t<div class=\"elementor-row\">\n\t\t\t\t\t<div class=\"elementor-column elementor-col-100 elementor-top-column elementor-element elementor-element-3b0c7bf6\" data-id=\"3b0c7bf6\" data-element_type=\"column\">\n\t\t\t<div class=\"elementor-column-wrap elementor-element-populated\">\n\t\t\t\t\t\t\t<div class=\"elementor-widget-wrap\">\n\t\t\t\t\t\t<div class=\"elementor-element elementor-element-f513509 elementor-widget elementor-widget-text-editor\" data-id=\"f513509\" data-element_type=\"widget\" data-widget_type=\"text-editor.default\">\n\t\t\t\t<div class=\"elementor-widget-container\">\n\t\t\t\t\t<div class=\"elementor-text-editor elementor-clearfix\"><p>\u00a0<\/p><p>Ao acessar e usar este site, voc\u00ea aceita os seguintes termos e condi\u00e7\u00f5es, sem limita\u00e7\u00e3o ou qualifica\u00e7\u00e3o.<\/p><p>Salvo disposi\u00e7\u00e3o em contr\u00e1rio, o conte\u00fado deste site incluindo, mas n\u00e3o se limitando a, o texto e as imagens aqui contidas e sua disposi\u00e7\u00e3o s\u00e3o propriedade da JRS Tecnologia. Todas as marcas comerciais usadas ou mencionadas neste site s\u00e3o propriedade de seus respectivos propriet\u00e1rios.<\/p><p>Nada contido neste site deve ser interpretado como conferindo por implica\u00e7\u00e3o, preclus\u00e3o ou de outra forma, qualquer licen\u00e7a ou direito a qualquer direito autoral, patente, marca comercial ou outro interesse de propriedade da JRS Tecnologia ou de terceiros. Este site e o conte\u00fado fornecido neste site, incluindo, mas n\u00e3o se limitando a, imagens gr\u00e1ficas, \u00e1udio, v\u00eddeo, c\u00f3digo html, bot\u00f5es e texto, n\u00e3o podem ser copiados, reproduzidos, republicados, carregados, postados, transmitidos ou distribu\u00eddos em de qualquer forma, sem o consentimento pr\u00e9vio por escrito da JRS Tecnologia, exceto que voc\u00ea pode baixar, exibir e imprimir uma c\u00f3pia dos materiais em qualquer computador \u00fanico exclusivamente para seu uso pessoal, n\u00e3o comercial, desde que voc\u00ea n\u00e3o modifique o material em qualquer forma e voc\u00ea mant\u00e9m intactos todos os direitos autorais, marcas registradas e outros avisos de propriedade.<\/p><p>As informa\u00e7\u00f5es fornecidas neste site s\u00e3o gratuitas e apenas para fins informativos e n\u00e3o criam uma rela\u00e7\u00e3o de neg\u00f3cios ou servi\u00e7os profissionais entre voc\u00ea e a JRS Tecnologia. Os links neste site podem levar a servi\u00e7os ou sites n\u00e3o operados pela JRS Tecnologia. Nenhum julgamento ou garantia \u00e9 feito com rela\u00e7\u00e3o a esses outros servi\u00e7os ou sites, e a JRS Tecnologia n\u00e3o se responsabiliza por esses outros sites ou servi\u00e7os. Um link para outro site ou servi\u00e7o n\u00e3o \u00e9 um endosso desse site ou servi\u00e7o. Qualquer uso que voc\u00ea fizer das informa\u00e7\u00f5es fornecidas neste site, ou de qualquer site ou servi\u00e7o vinculado a este site, \u00e9 por sua pr\u00f3pria conta e risco.<\/p><p>Este site e seu conte\u00fado s\u00e3o fornecidos &#8220;no estado em que se encontram&#8221; e a JRS Tecnologia n\u00e3o faz nenhuma representa\u00e7\u00e3o ou garantia de qualquer tipo com rela\u00e7\u00e3o a este site ou qualquer site ou servi\u00e7o acess\u00edvel por meio deste site. A JRS Tecnologia renuncia expressamente a todas as garantias expressas e impl\u00edcitas, incluindo, mas n\u00e3o se limitando a, garantias impl\u00edcitas de comercializa\u00e7\u00e3o, adequa\u00e7\u00e3o a uma finalidade espec\u00edfica, t\u00edtulo e n\u00e3o viola\u00e7\u00e3o. Em nenhum caso, a JRS Tecnologia ou seus prestadores de servi\u00e7os terceirizados ser\u00e3o respons\u00e1veis \u200b\u200bperante qualquer parte por quaisquer danos diretos, indiretos, incidentais, especiais, exemplares, consequenciais ou outros (incluindo, mas n\u00e3o se limitando a, lucros cessantes, interrup\u00e7\u00e3o de neg\u00f3cios, perda de programas ou dados) sem levar em conta a forma de a\u00e7\u00e3o e se em contrato, ato il\u00edcito, neglig\u00eancia, responsabilidade objetiva ou de outra forma, decorrentes de ou em conex\u00e3o com este site,<\/p><p>A JRS Tecnologia mant\u00e9m este site em S\u00e3o Paulo, BRA, e voc\u00ea concorda que estes termos de uso e qualquer a\u00e7\u00e3o ou processo legal relacionado a este site ser\u00e3o regidos pelas leis do estado de Illinois, sem refer\u00eancia \u00e0s suas escolhas de regras legais. Se voc\u00ea tentar mover qualquer processo legal contra a JRS Tecnologia, voc\u00ea reconhece especificamente que a JRS Tecnologia \u00e9 livre para escolher a jurisdi\u00e7\u00e3o de nossa prefer\u00eancia quanto ao local onde tal a\u00e7\u00e3o pode ser realizada. Como voc\u00ea concordou em usar este site para escolher as leis do estado de Illinois para reger tais procedimentos, provavelmente escolheremos defender qualquer a\u00e7\u00e3o em Illinois e podemos tomar essa decis\u00e3o inteiramente como nos conv\u00e9m, sem levar em considera\u00e7\u00e3o onde no mundo em que voc\u00ea est\u00e1, ou de onde no mundo voc\u00ea visitou este site.<\/p><p>Voc\u00ea \u00e9 respons\u00e1vel por cumprir as leis da jurisdi\u00e7\u00e3o da qual est\u00e1 acessando este site e concorda que n\u00e3o acessar\u00e1 ou usar\u00e1 as informa\u00e7\u00f5es contidas neste site em viola\u00e7\u00e3o a tais leis. A menos que expressamente declarado de outra forma neste documento, qualquer informa\u00e7\u00e3o enviada por voc\u00ea atrav\u00e9s deste site ser\u00e1 considerada n\u00e3o confidencial e n\u00e3o propriet\u00e1ria. Voc\u00ea declara que tem o direito legal de enviar tais informa\u00e7\u00f5es e concorda que n\u00e3o enviar\u00e1 nenhuma informa\u00e7\u00e3o a menos que tenha o direito legal de faz\u00ea-lo. Devido \u00e0 natureza aberta da Internet, recomendamos que voc\u00ea n\u00e3o envie informa\u00e7\u00f5es que considere confidenciais.<\/p><p>A JRS Tecnologia n\u00e3o aceita envios de ideias n\u00e3o autorizadas fora das rela\u00e7\u00f5es comerciais estabelecidas. Para proteger os interesses de nossos clientes atuais e de n\u00f3s mesmos, devemos tratar a quest\u00e3o de tais envios com muito cuidado. \u00c9 importante ressaltar que, sem uma rela\u00e7\u00e3o comercial clara, a JRS Tecnologia n\u00e3o pode e n\u00e3o trata tais envios em sigilo. Conseq\u00fcentemente, n\u00e3o comunique o envio de ideias n\u00e3o autorizadas \u00e0 JRS Tecnologia por meio deste site. Quaisquer ideias divulgadas \u00e0 JRS Tecnologia fora de um relacionamento comercial confidencial pr\u00e9-existente e documentado n\u00e3o s\u00e3o confidenciais e a JRS Tecnologia pode, portanto, desenvolver, usar e divulgar ou publicar livremente ideias semelhantes sem compensar ou prestar contas a voc\u00ea. A JRS Tecnologia far\u00e1 todos os esfor\u00e7os razo\u00e1veis \u200b\u200bpara devolver ou destruir qualquer apresenta\u00e7\u00e3o de ideias n\u00e3o autorizadas sem uma revis\u00e3o detalhada das mesmas. Contudo, se uma revis\u00e3o for necess\u00e1ria a crit\u00e9rio exclusivo da JRS Tecnologia, ser\u00e1 com o entendimento de que a JRS Tecnologia n\u00e3o assume nenhuma obriga\u00e7\u00e3o de proteger a confidencialidade de sua ideia ou compens\u00e1-lo por sua divulga\u00e7\u00e3o ou uso. Ao enviar uma ideia ou outra apresenta\u00e7\u00e3o detalhada \u00e0 JRS Tecnologia por meio deste site, voc\u00ea concorda em obedecer aos termos desta pol\u00edtica declarada.<\/p><\/div>\n\t\t\t\t<\/div>\n\t\t\t\t<\/div>\n\t\t\t\t\t\t<\/div>\n\t\t\t\t\t<\/div>\n\t\t<\/div>\n\t\t\t\t\t\t\t\t<\/div>\n\t\t\t\t\t<\/div>\n\t\t<\/section>\n\t\t\t\t\t\t<\/div>\n\t\t\t\t\t\t<\/div>\n\t\t\t\t\t<\/div>\n\t\t","protected":false},"excerpt":{"rendered":"<p>\u00a0 Ao acessar e usar este site, voc\u00ea aceita os seguintes termos e condi\u00e7\u00f5es, sem limita\u00e7\u00e3o ou qualifica\u00e7\u00e3o. Salvo disposi\u00e7\u00e3o em contr\u00e1rio, o conte\u00fado deste site incluindo, mas n\u00e3o se limitando a, o texto e as imagens aqui contidas e sua disposi\u00e7\u00e3o s\u00e3o propriedade da JRS Tecnologia. Todas as marcas comerciais usadas ou mencionadas neste <\/p>\n","protected":false},"author":1,"featured_media":0,"parent":0,"menu_order":0,"comment_status":"closed","ping_status":"closed","template":"","meta":[],"_links":{"self":[{"href":"https:\/\/jrstecnologia.digital\/index.php\/wp-json\/wp\/v2\/pages\/1916"}],"collection":[{"href":"https:\/\/jrstecnologia.digital\/index.php\/wp-json\/wp\/v2\/pages"}],"about":[{"href":"https:\/\/jrstecnologia.digital\/index.php\/wp-json\/wp\/v2\/types\/page"}],"author":[{"embeddable":true,"href":"https:\/\/jrstecnologia.digital\/index.php\/wp-json\/wp\/v2\/users\/1"}],"replies":[{"embeddable":true,"href":"https:\/\/jrstecnologia.digital\/index.php\/wp-json\/wp\/v2\/comments?post=1916"}],"version-history":[{"count":5,"href":"https:\/\/jrstecnologia.digital\/index.php\/wp-json\/wp\/v2\/pages\/1916\/revisions"}],"predecessor-version":[{"id":1925,"href":"https:\/\/jrstecnologia.digital\/index.php\/wp-json\/wp\/v2\/pages\/1916\/revisions\/1925"}],"wp:attachment":[{"href":"https:\/\/jrstecnologia.digital\/index.php\/wp-json\/wp\/v2\/media?parent=1916"}],"curies":[{"name":"wp","href":"https:\/\/api.w.org\/{rel}","templated":true}]}}