{"id":1250,"date":"2019-11-16T04:44:55","date_gmt":"2019-11-16T04:44:55","guid":{"rendered":"https:\/\/themes.jibdara.com\/startp-el\/?page_id=1250"},"modified":"2020-12-26T22:08:43","modified_gmt":"2020-12-27T01:08:43","slug":"service","status":"publish","type":"page","link":"https:\/\/jrstecnologia.digital\/index.php\/service\/","title":{"rendered":"Conhe\u00e7a o Suporte de TI para empresas da JRS Tecnologia"},"content":{"rendered":"\t\t<div data-elementor-type=\"wp-page\" data-elementor-id=\"1250\" class=\"elementor elementor-1250\" data-elementor-settings=\"[]\">\n\t\t\t\t\t\t<div class=\"elementor-inner\">\n\t\t\t\t\t\t\t<div class=\"elementor-section-wrap\">\n\t\t\t\t\t\t\t<section class=\"elementor-section elementor-top-section elementor-element elementor-element-5740dcf5 elementor-section-full_width services-area-two ptb-80 bg-f9f6f6 elementor-section-height-default elementor-section-height-default\" data-id=\"5740dcf5\" data-element_type=\"section\">\n\t\t\t\t\t\t<div class=\"elementor-container elementor-column-gap-default\">\n\t\t\t\t\t\t\t<div class=\"elementor-row\">\n\t\t\t\t\t<div class=\"elementor-column elementor-col-100 elementor-top-column elementor-element elementor-element-a9ad265\" data-id=\"a9ad265\" data-element_type=\"column\">\n\t\t\t<div class=\"elementor-column-wrap elementor-element-populated\">\n\t\t\t\t\t\t\t<div class=\"elementor-widget-wrap\">\n\t\t\t\t\t\t<div class=\"elementor-element elementor-element-7530cc0e elementor-widget elementor-widget-Section\" data-id=\"7530cc0e\" data-element_type=\"widget\" data-widget_type=\"Section.default\">\n\t\t\t\t<div class=\"elementor-widget-container\">\n\t\t\t            <div class=\"section-title\">\r\n                                <h2 >N\u00c3O SOMOS COMO AS OUTRAS EMPRESAS QUE FAZEM GEST\u00c3O DE TI,<\/h2>\r\n                \r\n                                    <div class=\"bar\"><\/div>\r\n                \r\n                <p >GARANTIREMOS O FUNCIONAMENTO 100% E O PLANEJAMENTO DA SUA TI DE ACORDO COM SEU CRESCIMENTO<\/p>\r\n            <\/div>\r\n\r\n                    \t\t<\/div>\n\t\t\t\t<\/div>\n\t\t\t\t<div class=\"elementor-element elementor-element-9e72d3b elementor-widget elementor-widget-Services\" data-id=\"9e72d3b\" data-element_type=\"widget\" data-widget_type=\"Services.default\">\n\t\t\t\t<div class=\"elementor-widget-container\">\n\t\t\t\r\n                    <div class=\"container\">\r\n                <div class=\"row \">\r\n                                            <div class=\"col-lg-6 col-sm-6 col-md-6\">\r\n                            <div class=\"single-services-box\">\r\n                                <div class=\"icon\" style=\"background: #cdf1d8;\" >\r\n                                    <i class=\"fas fa-cogs\" style=\"color: #44ce6f;\" ><\/i>\r\n                                <\/div>\r\n                                <h3><a href=\"https:\/\/jrstecnologia.digital\/index.php\/services\/consultoria\/\">Consultoria<\/a><\/h3>\r\n                                <p><p>Nosso conhecimento em tecnologia de diversos fabricantes e a alian\u00e7a que temos com muitos deles permite prestar um servi\u00e7o de consultoria espec\u00edfica para atender uma determinada necessidade de nossos clientes.<\/p>\n<\/p>\r\n                            <\/div>\r\n                        <\/div>\r\n                                            <div class=\"col-lg-6 col-sm-6 col-md-6\">\r\n                            <div class=\"single-services-box\">\r\n                                <div class=\"icon\" style=\"background: #f0f4d0;\" >\r\n                                    <i class=\"fas fa-microchip\" style=\"color: #cece44;\" ><\/i>\r\n                                <\/div>\r\n                                <h3><a href=\"https:\/\/jrstecnologia.digital\/index.php\/services\/moderniit\/\">Moderniza\u00e7\u00e3o de IT<\/a><\/h3>\r\n                                <p><p>Alcance resultados otimizados, reduza custos e evite falhas na opera\u00e7\u00e3o modernizando o sem ambiente de TI. Oferecemos aos nossos clientes um amplo portf\u00f3lio de produtos e servi\u00e7os de novas tecnologias, como: atualiza\u00e7\u00e3o de servidores, virtualiza\u00e7\u00e3o, prote\u00e7\u00e3o de dados, hiperconverg\u00eancia, consolida\u00e7\u00e3o e servi\u00e7os gerenciados.<\/p>\n<\/p>\r\n                            <\/div>\r\n                        <\/div>\r\n                                            <div class=\"col-lg-6 col-sm-6 col-md-6\">\r\n                            <div class=\"single-services-box\">\r\n                                <div class=\"icon\" style=\"background: #d6cdf2;\" >\r\n                                    <i class=\"fas fa-project-diagram\" style=\"color: #9b44ce;\" ><\/i>\r\n                                <\/div>\r\n                                <h3><a href=\"https:\/\/jrstecnologia.digital\/index.php\/services\/implementacao-de-projetos-de-infraestrutura\/\">Implementa\u00e7\u00e3o de projetos de infraestrutura<\/a><\/h3>\r\n                                <p><p>Nossas equipes est\u00e3o capacitadas para colocar em produ\u00e7\u00e3o projetos de infraestrutura de qualquer complexidade.<\/p>\n<\/p>\r\n                            <\/div>\r\n                        <\/div>\r\n                                            <div class=\"col-lg-6 col-sm-6 col-md-6\">\r\n                            <div class=\"single-services-box\">\r\n                                <div class=\"icon\" style=\"background: #cdeaf2;\" >\r\n                                    <i class=\"fab fa-cloudversify\" style=\"color: #1e73be;\" ><\/i>\r\n                                <\/div>\r\n                                <h3><a href=\"https:\/\/jrstecnologia.digital\/index.php\/services\/gercloud\/\">Gerenciamento de Cloud<\/a><\/h3>\r\n                                <p><p>Todas as opera\u00e7\u00f5es dos seus aplicativos em cloud h\u00edbrida ou multicloud automatizados e otimizados para aprimorar a produtividade e efici\u00eancia da sua \u00e1rea de desenvolvimento.<\/p>\n<\/p>\r\n                            <\/div>\r\n                        <\/div>\r\n                                                        <\/div>\r\n            <\/div>\r\n        \r\n        \r\n        \r\n        \r\n        \t\t<\/div>\n\t\t\t\t<\/div>\n\t\t\t\t\t\t<\/div>\n\t\t\t\t\t<\/div>\n\t\t<\/div>\n\t\t\t\t\t\t\t\t<\/div>\n\t\t\t\t\t<\/div>\n\t\t<\/section>\n\t\t\t\t<section class=\"elementor-section elementor-top-section elementor-element elementor-element-8f47017 elementor-section-boxed elementor-section-height-default elementor-section-height-default\" data-id=\"8f47017\" data-element_type=\"section\">\n\t\t\t\t\t\t<div class=\"elementor-container elementor-column-gap-default\">\n\t\t\t\t\t\t\t<div class=\"elementor-row\">\n\t\t\t\t\t<div class=\"elementor-column elementor-col-100 elementor-top-column elementor-element elementor-element-5230d94\" data-id=\"5230d94\" data-element_type=\"column\">\n\t\t\t<div class=\"elementor-column-wrap elementor-element-populated\">\n\t\t\t\t\t\t\t<div class=\"elementor-widget-wrap\">\n\t\t\t\t\t\t<div class=\"elementor-element elementor-element-d2691a1 elementor-widget elementor-widget-StartNext_Hosting_Service\" data-id=\"d2691a1\" data-element_type=\"widget\" data-widget_type=\"StartNext_Hosting_Service.default\">\n\t\t\t\t<div class=\"elementor-widget-container\">\n\t\t\t                    <div class=\"services-area ptb-80\">\r\n                <div class=\"container\">\r\n                    <div class=\"row h-100 justify-content-center align-items-center\">\r\n                                                    <div class=\"col-lg-6 col-md-12 services-left-image\">\r\n                                <img src=\"https:\/\/jrstecnologia.digital\/wp-content\/themes\/startnext\/assets\/img\/services-left-image\/big-monitor.png\" class=\"wow fadeInDown\" data-wow-delay=\"0.6s\" alt=\"Os Servi\u00e7os Gerenciados\" style=\"visibility: visible; animation-delay: 0.6s; animation-name: fadeInDown;\">\r\n                                <img src=\"https:\/\/jrstecnologia.digital\/wp-content\/themes\/startnext\/assets\/img\/services-left-image\/creative.png\" class=\"wow fadeInUp\" data-wow-delay=\"0.6s\" alt=\"Os Servi\u00e7os Gerenciados\" style=\"visibility: visible; animation-delay: 0.6s; animation-name: fadeInUp;\">\r\n                                <img src=\"https:\/\/jrstecnologia.digital\/wp-content\/themes\/startnext\/assets\/img\/services-left-image\/developer.png\" class=\"wow fadeInLeft\" data-wow-delay=\"0.6s\" alt=\"Os Servi\u00e7os Gerenciados\" style=\"visibility: visible; animation-delay: 0.6s; animation-name: fadeInLeft;\">\r\n                                <img src=\"https:\/\/jrstecnologia.digital\/wp-content\/themes\/startnext\/assets\/img\/services-left-image\/flower-top.png\" class=\"wow zoomIn\" data-wow-delay=\"0.6s\" alt=\"Os Servi\u00e7os Gerenciados\" style=\"visibility: visible; animation-delay: 0.6s; animation-name: zoomIn;\">\r\n                                <img src=\"https:\/\/jrstecnologia.digital\/wp-content\/themes\/startnext\/assets\/img\/services-left-image\/small-monitor.png\" class=\"wow bounceIn\" data-wow-delay=\"0.6s\" alt=\"Os Servi\u00e7os Gerenciados\" style=\"visibility: visible; animation-delay: 0.6s; animation-name: bounceIn;\">\r\n                                <img src=\"https:\/\/jrstecnologia.digital\/wp-content\/themes\/startnext\/assets\/img\/services-left-image\/small-top.png\" class=\"wow fadeInDown\" data-wow-delay=\"0.6s\" alt=\"Os Servi\u00e7os Gerenciados\" style=\"visibility: visible; animation-delay: 0.6s; animation-name: fadeInDown;\">\r\n                                <img src=\"https:\/\/jrstecnologia.digital\/wp-content\/themes\/startnext\/assets\/img\/services-left-image\/table.png\" class=\"wow zoomIn\" data-wow-delay=\"0.6s\" alt=\"Os Servi\u00e7os Gerenciados\" style=\"visibility: visible; animation-delay: 0.6s; animation-name: zoomIn;\">\r\n                                <img src=\"https:\/\/jrstecnologia.digital\/wp-content\/themes\/startnext\/assets\/img\/services-left-image\/target.png\" class=\"wow fadeInUp\" data-wow-delay=\"0.6s\" alt=\"Os Servi\u00e7os Gerenciados\" style=\"visibility: visible; animation-delay: 0.6s; animation-name: fadeInUp;\">\r\n\r\n                                                                    <img src=\"https:\/\/jrstecnologia.digital\/wp-content\/themes\/startnext\/assets\/img\/services-left-image\/cercle-shape.png\" class=\"bg-image rotateme\" alt=\"Os Servi\u00e7os Gerenciados\">\r\n                                \r\n                                <img src=\"https:\/\/jrstecnologia.digital\/wp-content\/themes\/startnext\/assets\/img\/services-left-image\/main-pic.png\" class=\"wow fadeInUp\" data-wow-delay=\"0.6s\" alt=\"Os Servi\u00e7os Gerenciados\" style=\"visibility: visible; animation-delay: 0.6s; animation-name: fadeInUp;\">\r\n                            <\/div>\r\n                                                <div class=\"col-lg-6 col-md-12 services-content\">\r\n                            <div class=\"section-title\">\r\n                                <h2 >Os Servi\u00e7os Gerenciados<\/h2>\r\n                                                                    <div class=\"bar\"><\/div>\r\n                                \r\n                                <p >Com servi\u00e7os gerenciados sua empresa tem um custo fixo para manter seu sistema de TI funcionando e com todo o suporte necess\u00e1rio, permitindo que voc\u00ea planeje bem seu or\u00e7amento. Esse modelo reduz significativamente seus gastos com problemas de emerg\u00eancia, otimizando seus recursos.<\/p>\r\n                            <\/div>\r\n\r\n                            <div class=\"row\">\r\n                                                                    <div class=\"col-lg-6 col-md-6\">\r\n                                        <div class=\"box\">\r\n                                            <i class=\"fa fa-video-camera\"><\/i>  Monitoramento 24\u00d77                                        <\/div>\r\n                                    <\/div>\r\n                                                                    <div class=\"col-lg-6 col-md-6\">\r\n                                        <div class=\"box\">\r\n                                            <i class=\"fa fa-wrench\"><\/i>  Manuten\u00e7\u00e3o preventiva programada                                        <\/div>\r\n                                    <\/div>\r\n                                                                    <div class=\"col-lg-6 col-md-6\">\r\n                                        <div class=\"box\">\r\n                                            <i class=\"fa fa-exclamation-triangle\"><\/i>  Anti-V\u00edrus e Gest\u00e3o Anti-Spam                                        <\/div>\r\n                                    <\/div>\r\n                                                                    <div class=\"col-lg-6 col-md-6\">\r\n                                        <div class=\"box\">\r\n                                            <i class=\"fa fa-lock\"><\/i>  Gest\u00e3o e Manuten\u00e7\u00e3o Firewall                                        <\/div>\r\n                                    <\/div>\r\n                                                                    <div class=\"col-lg-6 col-md-6\">\r\n                                        <div class=\"box\">\r\n                                            <i class=\"fa fa-refresh\"><\/i>  Atualiza\u00e7\u00f5es de Software                                        <\/div>\r\n                                    <\/div>\r\n                                                                    <div class=\"col-lg-6 col-md-6\">\r\n                                        <div class=\"box\">\r\n                                            <i class=\"fa fa-hdd-o\"><\/i>  Gest\u00e3o de backup                                        <\/div>\r\n                                    <\/div>\r\n                                                                    <div class=\"col-lg-6 col-md-6\">\r\n                                        <div class=\"box\">\r\n                                            <i class=\"fa fa-support\"><\/i>  Help desk                                        <\/div>\r\n                                    <\/div>\r\n                                                                    <div class=\"col-lg-6 col-md-6\">\r\n                                        <div class=\"box\">\r\n                                            <i class=\"fa fa-file-text\"><\/i> Relat\u00f3rios                                        <\/div>\r\n                                    <\/div>\r\n                                                            <\/div>\r\n                        <\/div>\r\n                    <\/div>\r\n                <\/div>\r\n            <\/div>\r\n                \t\t<\/div>\n\t\t\t\t<\/div>\n\t\t\t\t\t\t<\/div>\n\t\t\t\t\t<\/div>\n\t\t<\/div>\n\t\t\t\t\t\t\t\t<\/div>\n\t\t\t\t\t<\/div>\n\t\t<\/section>\n\t\t\t\t\t\t<\/div>\n\t\t\t\t\t\t<\/div>\n\t\t\t\t\t<\/div>\n\t\t","protected":false},"excerpt":{"rendered":"<p>[vc_row][vc_column][vc_column_text] N\u00c3O SOMOS COMO AS OUTRAS EMPRESAS QUE FAZEM GEST\u00c3O DE TI, GARANTIREMOS O FUNCIONAMENTO 100% E O PLANEJAMENTO DA SUA TI DE ACORDO COM SEU CRESCIMENTO Homologa\u00e7\u00e3o Lorem ipsum dolor amet, adipiscing, sed do eiusmod tempor incididunt ut labore dolore magna aliqua. Estrat\u00e9gias Lorem ipsum dolor amet, adipiscing, sed do eiusmod tempor incididunt ut <\/p>\n","protected":false},"author":1,"featured_media":0,"parent":0,"menu_order":0,"comment_status":"closed","ping_status":"closed","template":"","meta":[],"_links":{"self":[{"href":"https:\/\/jrstecnologia.digital\/index.php\/wp-json\/wp\/v2\/pages\/1250"}],"collection":[{"href":"https:\/\/jrstecnologia.digital\/index.php\/wp-json\/wp\/v2\/pages"}],"about":[{"href":"https:\/\/jrstecnologia.digital\/index.php\/wp-json\/wp\/v2\/types\/page"}],"author":[{"embeddable":true,"href":"https:\/\/jrstecnologia.digital\/index.php\/wp-json\/wp\/v2\/users\/1"}],"replies":[{"embeddable":true,"href":"https:\/\/jrstecnologia.digital\/index.php\/wp-json\/wp\/v2\/comments?post=1250"}],"version-history":[{"count":7,"href":"https:\/\/jrstecnologia.digital\/index.php\/wp-json\/wp\/v2\/pages\/1250\/revisions"}],"predecessor-version":[{"id":1843,"href":"https:\/\/jrstecnologia.digital\/index.php\/wp-json\/wp\/v2\/pages\/1250\/revisions\/1843"}],"wp:attachment":[{"href":"https:\/\/jrstecnologia.digital\/index.php\/wp-json\/wp\/v2\/media?parent=1250"}],"curies":[{"name":"wp","href":"https:\/\/api.w.org\/{rel}","templated":true}]}}