{"id":1246,"date":"2019-11-16T04:40:23","date_gmt":"2019-11-16T07:40:23","guid":{"rendered":"https:\/\/themes.jibdara.com\/startp-el\/?page_id=1246"},"modified":"2020-12-26T23:04:45","modified_gmt":"2020-12-27T02:04:45","slug":"cloud","status":"publish","type":"page","link":"https:\/\/jrstecnologia.digital\/index.php\/cloud\/","title":{"rendered":"Cloud Corporativo: Sua empresa precisa de apoio para migrar o ambiente de TI para a n\u00favem?"},"content":{"rendered":"\t\t<div data-elementor-type=\"wp-page\" data-elementor-id=\"1246\" class=\"elementor elementor-1246\" data-elementor-settings=\"[]\">\n\t\t\t\t\t\t<div class=\"elementor-inner\">\n\t\t\t\t\t\t\t<div class=\"elementor-section-wrap\">\n\t\t\t\t\t\t\t<section class=\"elementor-section elementor-top-section elementor-element elementor-element-28d47dc7 elementor-section-full_width features-area ptb-80 bg-f9f6f6 elementor-section-height-default elementor-section-height-default\" data-id=\"28d47dc7\" data-element_type=\"section\">\n\t\t\t\t\t\t<div class=\"elementor-container elementor-column-gap-default\">\n\t\t\t\t\t\t\t<div class=\"elementor-row\">\n\t\t\t\t\t<div class=\"elementor-column elementor-col-100 elementor-top-column elementor-element elementor-element-16f909b0\" data-id=\"16f909b0\" data-element_type=\"column\">\n\t\t\t<div class=\"elementor-column-wrap elementor-element-populated\">\n\t\t\t\t\t\t\t<div class=\"elementor-widget-wrap\">\n\t\t\t\t\t\t<div class=\"elementor-element elementor-element-5278c9d4 elementor-widget elementor-widget-Section\" data-id=\"5278c9d4\" data-element_type=\"widget\" data-widget_type=\"Section.default\">\n\t\t\t\t<div class=\"elementor-widget-container\">\n\t\t\t            <div class=\"section-title\">\r\n                                <h2 >COMO \u00c9 FEITA A MIGRA\u00c7\u00c3O DA INFRAESTRUTURA DE TI PARA A  NUVEM PELA JRS?<\/h2>\r\n                \r\n                                    <div class=\"bar\"><\/div>\r\n                \r\n                <p >Temos como meta proporcionar aos nossos clientes uma estrat\u00e9gia completa de Transforma\u00e7\u00e3o Digital do seu neg\u00f3cio.\n\n<\/p>\r\n            <\/div>\r\n\r\n                    \t\t<\/div>\n\t\t\t\t<\/div>\n\t\t\t\t<div class=\"elementor-element elementor-element-3fcf6615 elementor-widget elementor-widget-Features\" data-id=\"3fcf6615\" data-element_type=\"widget\" data-widget_type=\"Features.default\">\n\t\t\t\t<div class=\"elementor-widget-container\">\n\t\t\t\r\n        \r\n                    <div class=\"container\">\r\n                <div class=\"row\">\r\n                                            <div class=\"col-lg-6 col-md-6\">\r\n                            <div class=\"single-features\">\r\n                                <div class=\"icon\" style=\"background: #cdf1d8;\">\r\n                                    <i class=\"fas fa-handshake\" style=\"color: #44ce6f;\"><\/i>\r\n                                <\/div>\r\n                                <h3><a href=\"https:\/\/jrstecnologia.digital\/index.php\/feature\/mapeamento\/\">Mapeamento<\/a><\/h3>\r\n                                <p><p>Mapeamos os equipamentos, aplica\u00e7\u00f5es e infraestrutura (f\u00edsica e l\u00f3gica) de um modo geral. Assim, compreendemos a capacidade e a criticidade de cada componente de seu sistema.<\/p>\n<\/p>\r\n                            <\/div>\r\n                        <\/div>\r\n                                            <div class=\"col-lg-6 col-md-6\">\r\n                            <div class=\"single-features\">\r\n                                <div class=\"icon\" style=\"background: #fddcef;\">\r\n                                    <i class=\"fas fa-code\" style=\"color: #f78acb;\"><\/i>\r\n                                <\/div>\r\n                                <h3><a href=\"https:\/\/jrstecnologia.digital\/index.php\/feature\/avaliacao\/\">Avalia\u00e7\u00e3o<\/a><\/h3>\r\n                                <p><p>Avaliamos qual melhor formato de nuvem para a empresa, com os custos do projeto dentro do or\u00e7amento dispon\u00edvel, orientando o planejamento desde o come\u00e7o at\u00e9 os resultados.<\/p>\n<\/p>\r\n                            <\/div>\r\n                        <\/div>\r\n                                            <div class=\"col-lg-6 col-md-6\">\r\n                            <div class=\"single-features\">\r\n                                <div class=\"icon\" style=\"background: #edc3fc;\">\r\n                                    <i class=\"fas fa-users\" style=\"color: #c679e3;\"><\/i>\r\n                                <\/div>\r\n                                <h3><a href=\"https:\/\/jrstecnologia.digital\/index.php\/feature\/estrategias\/\">Estrat\u00e9gias<\/a><\/h3>\r\n                                <p><p>Entendemos o impacto que a nuvem pode causar nas estrat\u00e9gias de gest\u00e3o e seguran\u00e7a da empresa, pois alguns m\u00e9todos que se aplicam em sistemas locais nem sempre funcionam na nuvem.<\/p>\n<\/p>\r\n                            <\/div>\r\n                        <\/div>\r\n                                            <div class=\"col-lg-6 col-md-6\">\r\n                            <div class=\"single-features\">\r\n                                <div class=\"icon\" style=\"background: #f9d2c4;\">\r\n                                    <i class=\"fab fa-ravelry\" style=\"color: #eb6b3d;\"><\/i>\r\n                                <\/div>\r\n                                <h3><a href=\"https:\/\/jrstecnologia.digital\/index.php\/feature\/homologacao\/\">Homologa\u00e7\u00e3o<\/a><\/h3>\r\n                                <p><p>Configuramos um banco de dados para testar as fun\u00e7\u00f5es e op\u00e7\u00f5es espec\u00edficas da implanta\u00e7\u00e3o. Dessa maneira, saberemos se a estrat\u00e9gia se adequa de acordo com o perfil e a demanda da infraestrutura.<\/p>\n<\/p>\r\n                            <\/div>\r\n                        <\/div>\r\n                                                        <\/div>\r\n            <\/div>\r\n        \r\n        \r\n        \r\n        \r\n                \t\t<\/div>\n\t\t\t\t<\/div>\n\t\t\t\t\t\t<\/div>\n\t\t\t\t\t<\/div>\n\t\t<\/div>\n\t\t\t\t\t\t\t\t<\/div>\n\t\t\t\t\t<\/div>\n\t\t<\/section>\n\t\t\t\t<section class=\"elementor-section elementor-top-section elementor-element elementor-element-1b7157b elementor-section-full_width elementor-section-height-default elementor-section-height-default\" data-id=\"1b7157b\" data-element_type=\"section\" data-settings=\"{&quot;background_background&quot;:&quot;classic&quot;}\">\n\t\t\t\t\t\t<div class=\"elementor-container elementor-column-gap-no\">\n\t\t\t\t\t\t\t<div class=\"elementor-row\">\n\t\t\t\t\t<div class=\"elementor-column elementor-col-100 elementor-top-column elementor-element elementor-element-903b25f\" data-id=\"903b25f\" data-element_type=\"column\">\n\t\t\t<div class=\"elementor-column-wrap elementor-element-populated\">\n\t\t\t\t\t\t\t<div class=\"elementor-widget-wrap\">\n\t\t\t\t\t\t<div class=\"elementor-element elementor-element-0033151 elementor-widget elementor-widget-StartNext_Hosting_Service\" data-id=\"0033151\" data-element_type=\"widget\" data-widget_type=\"StartNext_Hosting_Service.default\">\n\t\t\t\t<div class=\"elementor-widget-container\">\n\t\t\t                    <div class=\"services-area ptb-80 bg-f7fafd\">\r\n                <div class=\"container\">\r\n                    <div class=\"row h-100 justify-content-center align-items-center\">\r\n                        <div class=\"col-lg-6 col-md-12 services-content\">\r\n                            <div class=\"section-title\">\r\n                                <h2 >Cloud Corporativo<\/h2>\r\n                                                                    <div class=\"bar\"><\/div>\r\n                                \r\n                                <p >SUA EMPRESA PRECISA DE APOIO PARA MIGRAR O AMBIENTE DE TI PARA A NUVEM?\nMais do que processamento e mem\u00f3ria, levamos seus sistemas para a nuvem!<\/p>\r\n                            <\/div>\r\n\r\n                            <div class=\"row\">\r\n                                                                    <div class=\"col-lg-6 col-md-6\">\r\n                                        <div class=\"box\">\r\n                                            <i class=\"fa fa-database\"><\/i> Cloud databases                                        <\/div>\r\n                                    <\/div>\r\n                                                                    <div class=\"col-lg-6 col-md-6\">\r\n                                        <div class=\"box\">\r\n                                            <i class=\"fa fa-hdd-o\"><\/i>  File storage                                        <\/div>\r\n                                    <\/div>\r\n                                                                    <div class=\"col-lg-6 col-md-6\">\r\n                                        <div class=\"box\">\r\n                                            <i class=\"fa fa-globe\"><\/i> Hospedagem websites                                        <\/div>\r\n                                    <\/div>\r\n                                                                    <div class=\"col-lg-6 col-md-6\">\r\n                                        <div class=\"box\">\r\n                                            <i class=\"fa fa-line-chart\"><\/i> Active Directory                                        <\/div>\r\n                                    <\/div>\r\n                                                                    <div class=\"col-lg-6 col-md-6\">\r\n                                        <div class=\"box\">\r\n                                            <i class=\"fa fa-folder-open\"><\/i> Backup arquivos                                        <\/div>\r\n                                    <\/div>\r\n                                                                    <div class=\"col-lg-6 col-md-6\">\r\n                                        <div class=\"box\">\r\n                                            <i class=\"fa fa-desktop\"><\/i> VMWare                                        <\/div>\r\n                                    <\/div>\r\n                                                                    <div class=\"col-lg-6 col-md-6\">\r\n                                        <div class=\"box\">\r\n                                            <i class=\"fa fa-envelope\"><\/i> Email servers                                        <\/div>\r\n                                    <\/div>\r\n                                                                    <div class=\"col-lg-6 col-md-6\">\r\n                                        <div class=\"box\">\r\n                                            <i class=\"fa fa-cloud\"><\/i> Cloud H\u00edbrida                                        <\/div>\r\n                                    <\/div>\r\n                                                            <\/div>\r\n                        <\/div>\r\n\r\n                                                    <div class=\"col-lg-6 col-md-12 services-right-image\">\r\n                                <img src=\"https:\/\/jrstecnologia.digital\/wp-content\/themes\/startnext\/assets\/img\/services-right-image\/book-self.png\" class=\"wow fadeInDown\" data-wow-delay=\"0.6s\" alt=\"Cloud Corporativo\">\r\n                                <img src=\"https:\/\/jrstecnologia.digital\/wp-content\/themes\/startnext\/assets\/img\/services-right-image\/box.png\" class=\"wow fadeInUp\" data-wow-delay=\"0.6s\" alt=\"Cloud Corporativo\">\r\n                                <img src=\"https:\/\/jrstecnologia.digital\/wp-content\/themes\/startnext\/assets\/img\/services-right-image\/chair.png\" class=\"wow fadeInLeft\" data-wow-delay=\"0.6s\" alt=\"Cloud Corporativo\">\r\n                                <img src=\"https:\/\/jrstecnologia.digital\/wp-content\/themes\/startnext\/assets\/img\/services-right-image\/cloud.png\" class=\"wow zoomIn\" data-wow-delay=\"0.6s\" alt=\"Cloud Corporativo\">\r\n                                <img src=\"https:\/\/jrstecnologia.digital\/wp-content\/themes\/startnext\/assets\/img\/services-right-image\/cup.png\" class=\"wow bounceIn\" data-wow-delay=\"0.6s\" alt=\"Cloud Corporativo\">\r\n                                <img src=\"https:\/\/jrstecnologia.digital\/wp-content\/themes\/startnext\/assets\/img\/services-right-image\/flower-top.png\" class=\"wow fadeInDown\" data-wow-delay=\"0.6s\" alt=\"Cloud Corporativo\">\r\n                                <img src=\"https:\/\/jrstecnologia.digital\/wp-content\/themes\/startnext\/assets\/img\/services-right-image\/head-phone.png\" class=\"wow zoomIn\" data-wow-delay=\"0.6s\" alt=\"Cloud Corporativo\">\r\n                                <img src=\"https:\/\/jrstecnologia.digital\/wp-content\/themes\/startnext\/assets\/img\/services-right-image\/monitor.png\" class=\"wow fadeInUp\" data-wow-delay=\"0.6s\" alt=\"Cloud Corporativo\">\r\n                                <img src=\"https:\/\/jrstecnologia.digital\/wp-content\/themes\/startnext\/assets\/img\/services-right-image\/mug.png\" class=\"wow rotateIn\" data-wow-delay=\"0.6s\" alt=\"Cloud Corporativo\">\r\n                                <img src=\"https:\/\/jrstecnologia.digital\/wp-content\/themes\/startnext\/assets\/img\/services-right-image\/table.png\" class=\"wow fadeInUp\" data-wow-delay=\"0.6s\" alt=\"Cloud Corporativo\">\r\n                                <img src=\"https:\/\/jrstecnologia.digital\/wp-content\/themes\/startnext\/assets\/img\/services-right-image\/tissue.png\" class=\"wow zoomIn\" data-wow-delay=\"0.6s\" alt=\"Cloud Corporativo\">\r\n                                <img src=\"https:\/\/jrstecnologia.digital\/wp-content\/themes\/startnext\/assets\/img\/services-right-image\/water-bottle.png\" class=\"wow zoomIn\" data-wow-delay=\"0.6s\" alt=\"Cloud Corporativo\">\r\n                                <img src=\"https:\/\/jrstecnologia.digital\/wp-content\/themes\/startnext\/assets\/img\/services-right-image\/wifi.png\" class=\"wow fadeInLeft\" data-wow-delay=\"0.6s\" alt=\"Cloud Corporativo\">\r\n\r\n                                                                    <img src=\"https:\/\/jrstecnologia.digital\/wp-content\/themes\/startnext\/assets\/img\/services-right-image\/cercle-shape.png\" class=\"bg-image rotateme\" alt=\"Cloud Corporativo\">\r\n                                                                \r\n                                <img src=\"https:\/\/jrstecnologia.digital\/wp-content\/themes\/startnext\/assets\/img\/services-right-image\/main-pic.png\" class=\"wow fadeInUp\" data-wow-delay=\"0.6s\" alt=\"main-pic\">\r\n                                \r\n                            <\/div>\r\n                                            <\/div>\r\n                <\/div>\r\n            <\/div>\r\n                \t\t<\/div>\n\t\t\t\t<\/div>\n\t\t\t\t\t\t<\/div>\n\t\t\t\t\t<\/div>\n\t\t<\/div>\n\t\t\t\t\t\t\t\t<\/div>\n\t\t\t\t\t<\/div>\n\t\t<\/section>\n\t\t\t\t\t\t<\/div>\n\t\t\t\t\t\t<\/div>\n\t\t\t\t\t<\/div>\n\t\t","protected":false},"excerpt":{"rendered":"<p>[vc_row][vc_column][vc_column_text] COMO \u00c9 FEITA A MIGRA\u00c7\u00c3O DA INFRAESTRUTURA DE TI PARA A NUVEM PELA JRS? Temos como meta proporcionar aos nossos clientes uma estrat\u00e9gia completa de Transforma\u00e7\u00e3o Digital do seu neg\u00f3cio. Mapeamento Lorem ipsum dolor sit amet elit, adipiscing, sed do eiusmod tempor incididunt ut labore dolore magna. Avalia\u00e7\u00e3o Lorem ipsum dolor sit amet elit, <\/p>\n","protected":false},"author":1,"featured_media":0,"parent":0,"menu_order":0,"comment_status":"closed","ping_status":"closed","template":"","meta":[],"_links":{"self":[{"href":"https:\/\/jrstecnologia.digital\/index.php\/wp-json\/wp\/v2\/pages\/1246"}],"collection":[{"href":"https:\/\/jrstecnologia.digital\/index.php\/wp-json\/wp\/v2\/pages"}],"about":[{"href":"https:\/\/jrstecnologia.digital\/index.php\/wp-json\/wp\/v2\/types\/page"}],"author":[{"embeddable":true,"href":"https:\/\/jrstecnologia.digital\/index.php\/wp-json\/wp\/v2\/users\/1"}],"replies":[{"embeddable":true,"href":"https:\/\/jrstecnologia.digital\/index.php\/wp-json\/wp\/v2\/comments?post=1246"}],"version-history":[{"count":18,"href":"https:\/\/jrstecnologia.digital\/index.php\/wp-json\/wp\/v2\/pages\/1246\/revisions"}],"predecessor-version":[{"id":1864,"href":"https:\/\/jrstecnologia.digital\/index.php\/wp-json\/wp\/v2\/pages\/1246\/revisions\/1864"}],"wp:attachment":[{"href":"https:\/\/jrstecnologia.digital\/index.php\/wp-json\/wp\/v2\/media?parent=1246"}],"curies":[{"name":"wp","href":"https:\/\/api.w.org\/{rel}","templated":true}]}}